{"id":2,"date":"2024-04-23T08:26:49","date_gmt":"2024-04-23T08:26:49","guid":{"rendered":"http:\/\/silcosas.com\/?page_id=2"},"modified":"2025-04-14T14:56:15","modified_gmt":"2025-04-14T19:56:15","slug":"sample-page","status":"publish","type":"page","link":"https:\/\/silcosas.com\/en\/sample-page\/","title":{"rendered":"OUR SERVICES"},"content":{"rendered":"<p class=\"has-medium-font-size\" style=\"font-style:normal;font-weight:200\">We are the comprehensive solution for the care and maintenance of clean spaces in our city. We offer cleaning services for both public and private sectors, addressing all cleaning needs in companies, institutions, and community spaces.<\/p>\n\n\n\n<p><\/p>\n\n\n\n<div class=\"wp-block-group is-nowrap is-layout-flex wp-container-core-group-is-layout-ad2f72ca wp-block-group-is-layout-flex\">\n<blockquote class=\"wp-block-quote is-style-plain has-medium-font-size is-layout-flow wp-block-quote-is-layout-flow\" style=\"font-style:normal;font-weight:100\">\n<figure class=\"wp-block-gallery has-nested-images columns-default is-cropped wp-block-gallery-1 is-layout-flex wp-block-gallery-is-layout-flex\">\n<figure class=\"wp-block-image size-large\"><img loading=\"lazy\" decoding=\"async\" width=\"1024\" height=\"683\" data-id=\"65\" src=\"https:\/\/silcosas.com\/wp-content\/uploads\/2024\/04\/IMG_9432-3-1024x683.jpg\" alt=\"\" class=\"wp-image-65\" srcset=\"https:\/\/silcosas.com\/wp-content\/uploads\/2024\/04\/IMG_9432-3-1024x683.jpg 1024w, https:\/\/silcosas.com\/wp-content\/uploads\/2024\/04\/IMG_9432-3-300x200.jpg 300w, https:\/\/silcosas.com\/wp-content\/uploads\/2024\/04\/IMG_9432-3-768x512.jpg 768w, https:\/\/silcosas.com\/wp-content\/uploads\/2024\/04\/IMG_9432-3-1536x1024.jpg 1536w, https:\/\/silcosas.com\/wp-content\/uploads\/2024\/04\/IMG_9432-3-2048x1365.jpg 2048w\" sizes=\"auto, (max-width: 1024px) 100vw, 1024px\" \/><\/figure>\n<\/figure>\n\n\n\n<p class=\"has-medium-font-size\"><strong>ASEO EMPRESARIAL:<\/strong> Con un equipo altamente capacitado y los mejores equipos de limpieza, garantizamos un ambiente higi\u00e9nico y saludable en cada lugar que atendemos. Conf\u00eda en nosotros para mantener tu entorno impecable y libre de preocupaciones.<\/p>\n<cite>\u2714\ufe0f Limpieza de vidrios.\u00a0<br>\u2714\ufe0f Aseo y desinfecci\u00f3n de ba\u00f1os y cocina.<br>\u2714\ufe0f Sellado de pisos.<br>\u2714\ufe0f Lavado de pisos encerados.<\/cite><\/blockquote>\n<\/div>\n\n\n\n<p><\/p>\n\n\n\n<div class=\"wp-block-group is-nowrap is-layout-flex wp-container-core-group-is-layout-ad2f72ca wp-block-group-is-layout-flex\">\n<blockquote class=\"wp-block-quote is-layout-flow wp-block-quote-is-layout-flow\">\n<figure class=\"wp-block-image size-large\"><img loading=\"lazy\" decoding=\"async\" width=\"2000\" height=\"1126\" src=\"https:\/\/silcosas.com\/wp-content\/uploads\/2025\/04\/555-4-edited.jpg\" alt=\"\" class=\"wp-image-190\" srcset=\"https:\/\/silcosas.com\/wp-content\/uploads\/2025\/04\/555-4-edited.jpg 2000w, https:\/\/silcosas.com\/wp-content\/uploads\/2025\/04\/555-4-edited-300x169.jpg 300w, https:\/\/silcosas.com\/wp-content\/uploads\/2025\/04\/555-4-edited-1024x577.jpg 1024w, https:\/\/silcosas.com\/wp-content\/uploads\/2025\/04\/555-4-edited-768x432.jpg 768w, https:\/\/silcosas.com\/wp-content\/uploads\/2025\/04\/555-4-edited-1536x865.jpg 1536w, https:\/\/silcosas.com\/wp-content\/uploads\/2025\/04\/555-4-edited-18x10.jpg 18w\" sizes=\"auto, (max-width: 2000px) 100vw, 2000px\" \/><\/figure>\n\n\n\n<p class=\"has-medium-font-size\" style=\"font-style:normal;font-weight:200\"><strong>SANIDAD PORTATIL:<\/strong> Con nuestro servicio de sanidad port\u00e1til, llevamos la salud directamente a donde m\u00e1s se necesita: empresas, comunidades o zonas de dif\u00edcil acceso.<\/p>\n\n\n\n<p class=\"has-medium-font-size\" style=\"font-style:normal;font-weight:200\">Ofrecemos atenci\u00f3n m\u00e9dica b\u00e1sica, chequeos preventivos, controles de salud y seguimiento personalizado, sin necesidad de traslados.<\/p>\n\n\n\n<p><strong>Beneficios clave:<\/strong><br>\u2714\ufe0f Acceso r\u00e1pido y directo a servicios m\u00e9dicos.<br>\u2714\ufe0f Reducci\u00f3n de ausentismo laboral por motivos de salud.<br>\u2714\ufe0f Mejora del bienestar general en entornos laborales o comunitarios.<br>\u2714\ufe0f Atenci\u00f3n profesional y cercana, adaptada a cada entorno.<\/p>\n<\/blockquote>\n<\/div>\n\n\n\n<div class=\"wp-block-group is-nowrap is-layout-flex wp-container-core-group-is-layout-ad2f72ca wp-block-group-is-layout-flex\">\n<blockquote class=\"wp-block-quote is-layout-flow wp-block-quote-is-layout-flow\">\n<figure class=\"wp-block-image size-large\"><img decoding=\"async\" src=\"https:\/\/silcosas.com\/wp-content\/uploads\/2024\/04\/IMG_8133-1-1024x469.png\" alt=\"\" class=\"wp-image-74\"\/><\/figure>\n\n\n\n<p class=\"has-medium-font-size\" style=\"font-style:normal;font-weight:200\"><strong>ROCERIA:<\/strong> En jardiner\u00eda, transformamos tus espacios exteriores en oasis verdes.<\/p>\n\n\n\n<p class=\"has-medium-font-size\" style=\"font-style:normal;font-weight:200\">Our expert gardeners handle the design, planting, and maintenance of gardens, creating natural, aesthetic, and relaxing environments to enjoy year-round.<\/p>\n<\/blockquote>\n<\/div>\n\n\n\n<p><\/p>","protected":false},"excerpt":{"rendered":"<p>Somos la soluci\u00f3n integral para el cuidado y mantenimiento de espacios limpios en nuestra ciudad. Ofrecemos servicios de aseo tanto para el \u00e1mbito p\u00fablico como privado, cubriendo todas las necesidades de limpieza en hogares, oficinas, empresas, instituciones y espacios comunitarios. ASEO EMPRESARIAL: Con un equipo altamente capacitado y los mejores equipos de limpieza, garantizamos un [&hellip;]<\/p>\n","protected":false},"author":1,"featured_media":0,"parent":0,"menu_order":0,"comment_status":"closed","ping_status":"open","template":"","meta":{"footnotes":""},"class_list":["post-2","page","type-page","status-publish","hentry"],"aioseo_notices":[],"_links":{"self":[{"href":"https:\/\/silcosas.com\/en\/wp-json\/wp\/v2\/pages\/2","targetHints":{"allow":["GET"]}}],"collection":[{"href":"https:\/\/silcosas.com\/en\/wp-json\/wp\/v2\/pages"}],"about":[{"href":"https:\/\/silcosas.com\/en\/wp-json\/wp\/v2\/types\/page"}],"author":[{"embeddable":true,"href":"https:\/\/silcosas.com\/en\/wp-json\/wp\/v2\/users\/1"}],"replies":[{"embeddable":true,"href":"https:\/\/silcosas.com\/en\/wp-json\/wp\/v2\/comments?post=2"}],"version-history":[{"count":25,"href":"https:\/\/silcosas.com\/en\/wp-json\/wp\/v2\/pages\/2\/revisions"}],"predecessor-version":[{"id":194,"href":"https:\/\/silcosas.com\/en\/wp-json\/wp\/v2\/pages\/2\/revisions\/194"}],"wp:attachment":[{"href":"https:\/\/silcosas.com\/en\/wp-json\/wp\/v2\/media?parent=2"}],"curies":[{"name":"wp","href":"https:\/\/api.w.org\/{rel}","templated":true}]}}